{"id":5190,"date":"2020-11-15T20:43:29","date_gmt":"2020-11-15T18:43:29","guid":{"rendered":"https:\/\/arnephotography.no\/?page_id=5190"},"modified":"2025-02-17T22:37:23","modified_gmt":"2025-02-17T20:37:23","slug":"armoricanus","status":"publish","type":"page","link":"https:\/\/arnephotography.no\/?page_id=5190","title":{"rendered":"armoricanus"},"content":{"rendered":"<p>[et_pb_section fb_built=&#8221;1&#8243; _builder_version=&#8221;4.16&#8243; background_color=&#8221;#353535&#8243; custom_margin=&#8221;0px||-75px||false|false&#8221; custom_padding=&#8221;0px||0px||false|false&#8221; global_colors_info=&#8221;{}&#8221;][et_pb_row _builder_version=&#8221;4.16&#8243; _module_preset=&#8221;default&#8221; width=&#8221;90%&#8221; width_tablet=&#8221;90%&#8221; width_phone=&#8221;90%&#8221; width_last_edited=&#8221;on|tablet&#8221; max_width=&#8221;2560px&#8221; custom_margin=&#8221;-20px||-50px||false|false&#8221; custom_margin_tablet=&#8221;&#8221; custom_margin_phone=&#8221;&#8221; custom_margin_last_edited=&#8221;on|phone&#8221; global_colors_info=&#8221;{}&#8221;][et_pb_column type=&#8221;4_4&#8243; _builder_version=&#8221;4.16&#8243; _module_preset=&#8221;default&#8221; global_colors_info=&#8221;{}&#8221;][et_pb_text _builder_version=&#8221;4.16&#8243; _module_preset=&#8221;default&#8221; header_4_text_color=&#8221;#6b6b6b&#8221; header_4_font_size=&#8221;12px&#8221; header_4_text_shadow_style=&#8221;preset2&#8243; header_4_text_shadow_horizontal_length=&#8221;0.15em&#8221; header_4_text_shadow_vertical_length=&#8221;0.15em&#8221; header_4_text_shadow_color=&#8221;#000000&#8243; global_colors_info=&#8221;{}&#8221;]<\/p>\n<h4>Oberth\u00fcr&#8217;s Grizzled Skipper \/ Zweibr\u00fctiger W\u00fcrfel-Dickkopffalter \/ L&#8217;Hesp\u00e9rie des Potentilles \/ Mj\u00f8durtsmyger \/ Backvisslare \/ Fransk Bredpande \/\u00a0Ranskankirjosiipi<\/h4>\n<p>[\/et_pb_text][\/et_pb_column][\/et_pb_row][et_pb_row column_structure=&#8221;1_5,3_5,1_5&#8243; _builder_version=&#8221;4.16&#8243; _module_preset=&#8221;default&#8221; custom_margin=&#8221;30px||-40px||false|false&#8221; global_colors_info=&#8221;{}&#8221;][et_pb_column type=&#8221;1_5&#8243; _builder_version=&#8221;4.16&#8243; _module_preset=&#8221;default&#8221; global_colors_info=&#8221;{}&#8221;][et_pb_button button_url=&#8221;@ET-DC@eyJkeW5hbWljIjp0cnVlLCJjb250ZW50IjoicG9zdF9saW5rX3VybF9wYWdlIiwic2V0dGluZ3MiOnsicG9zdF9pZCI6IjUxNDMifX0=@&#8221; button_text=&#8221;Forrige&#8221; button_alignment=&#8221;center&#8221; _builder_version=&#8221;4.16&#8243; _dynamic_attributes=&#8221;button_url&#8221; _module_preset=&#8221;default&#8221; custom_button=&#8221;on&#8221; button_text_size=&#8221;14px&#8221; button_text_color=&#8221;#8e8e8e&#8221; button_icon=&#8221;&#x38;||divi||400&#8243; button_icon_placement=&#8221;left&#8221; button_on_hover=&#8221;off&#8221; global_colors_info=&#8221;{}&#8221;][\/et_pb_button][\/et_pb_column][et_pb_column type=&#8221;3_5&#8243; _builder_version=&#8221;4.16&#8243; _module_preset=&#8221;default&#8221; global_colors_info=&#8221;{}&#8221;][et_pb_dcsbcm_divi_breadcrumbs_module hide_homebreadcrumb=&#8221;on&#8221; _builder_version=&#8221;4.16&#8243; _module_preset=&#8221;default&#8221; body_text_align=&#8221;center&#8221; body_text_color=&#8221;#ededed&#8221; fontsseparator_text_color=&#8221;#8e8e8e&#8221; fontsbreadcrumblinks_text_color=&#8221;#8e8e8e&#8221; module_alignment=&#8221;center&#8221; body_text_shadow_style=&#8221;preset2&#8243; body_text_shadow_horizontal_length=&#8221;0.15em&#8221; body_text_shadow_vertical_length=&#8221;0.15em&#8221; body_text_shadow_color=&#8221;#000000&#8243; fontsseparator_text_shadow_style=&#8221;preset2&#8243; fontsseparator_text_shadow_horizontal_length=&#8221;0.15em&#8221; fontsseparator_text_shadow_vertical_length=&#8221;0.15em&#8221; fontsseparator_text_shadow_color=&#8221;#000000&#8243; global_colors_info=&#8221;{}&#8221;][\/et_pb_dcsbcm_divi_breadcrumbs_module][\/et_pb_column][et_pb_column type=&#8221;1_5&#8243; _builder_version=&#8221;4.16&#8243; _module_preset=&#8221;default&#8221; global_colors_info=&#8221;{}&#8221;][et_pb_button button_url=&#8221;@ET-DC@eyJkeW5hbWljIjp0cnVlLCJjb250ZW50IjoicG9zdF9saW5rX3VybF9wYWdlIiwic2V0dGluZ3MiOnsicG9zdF9pZCI6IjUxNjkifX0=@&#8221; button_text=&#8221;Neste&#8221; button_alignment=&#8221;center&#8221; _builder_version=&#8221;4.16&#8243; _dynamic_attributes=&#8221;button_url&#8221; _module_preset=&#8221;default&#8221; custom_button=&#8221;on&#8221; button_text_size=&#8221;14px&#8221; button_text_color=&#8221;#8e8e8e&#8221; button_icon=&#8221;&#x39;||divi||400&#8243; button_icon_color=&#8221;#8e8e8e&#8221; button_on_hover=&#8221;off&#8221; global_colors_info=&#8221;{}&#8221;][\/et_pb_button][\/et_pb_column][\/et_pb_row][et_pb_row column_structure=&#8221;1_6,1_6,1_6,1_6,1_6,1_6&#8243; _builder_version=&#8221;4.16&#8243; width=&#8221;50%&#8221; width_tablet=&#8221;50%&#8221; width_phone=&#8221;&#8221; width_last_edited=&#8221;on|desktop&#8221; max_width=&#8221;2560px&#8221; custom_margin=&#8221;||||false|false&#8221; custom_padding=&#8221;||||false|false&#8221; global_colors_info=&#8221;{}&#8221;][et_pb_column type=&#8221;1_6&#8243; _builder_version=&#8221;4.16&#8243; global_colors_info=&#8221;{}&#8221;][\/et_pb_column][et_pb_column type=&#8221;1_6&#8243; _builder_version=&#8221;4.16&#8243; global_colors_info=&#8221;{}&#8221;][\/et_pb_column][et_pb_column type=&#8221;1_6&#8243; _builder_version=&#8221;4.16&#8243; global_colors_info=&#8221;{}&#8221;][et_pb_image src=&#8221;https:\/\/arnephotography.no\/wp-content\/uploads\/2020\/07\/denmark_waves.png&#8221; title_text=&#8221;Danmark &#8211; Denmark&#8221; url=&#8221;#Denmark&#8221; _builder_version=&#8221;4.16&#8243; width=&#8221;40%&#8221; custom_margin=&#8221;||||false|false&#8221; global_colors_info=&#8221;{}&#8221;][\/et_pb_image][\/et_pb_column][et_pb_column type=&#8221;1_6&#8243; _builder_version=&#8221;4.16&#8243; global_colors_info=&#8221;{}&#8221;][et_pb_image src=&#8221;https:\/\/arnephotography.no\/wp-content\/uploads\/2020\/07\/france_waves.png&#8221; title_text=&#8221;Frankrike &#8211; France&#8221; url=&#8221;#France&#8221; _builder_version=&#8221;4.16&#8243; width=&#8221;40%&#8221; custom_margin=&#8221;||||false|false&#8221; global_colors_info=&#8221;{}&#8221;][\/et_pb_image][\/et_pb_column][et_pb_column type=&#8221;1_6&#8243; _builder_version=&#8221;4.16&#8243; background_color=&#8221;rgba(0,0,0,0)&#8221; global_colors_info=&#8221;{}&#8221;][\/et_pb_column][et_pb_column type=&#8221;1_6&#8243; _builder_version=&#8221;4.16&#8243; background_color=&#8221;rgba(0,0,0,0)&#8221; global_colors_info=&#8221;{}&#8221;][\/et_pb_column][\/et_pb_row][\/et_pb_section][et_pb_section fb_built=&#8221;1&#8243; module_id=&#8221;Denmark&#8221; _builder_version=&#8221;4.16&#8243; background_color=&#8221;#353535&#8243; global_colors_info=&#8221;{}&#8221;][et_pb_row use_custom_gutter=&#8221;on&#8221; gutter_width=&#8221;2&#8243; _builder_version=&#8221;4.16&#8243; background_color=&#8221;#333333&#8243; width=&#8221;95%&#8221; width_tablet=&#8221;95%&#8221; width_phone=&#8221;&#8221; width_last_edited=&#8221;on|phone&#8221; max_width=&#8221;2560px&#8221; custom_padding=&#8221;|||0px||&#8221; border_width_all=&#8221;35px&#8221; box_shadow_style=&#8221;preset2&#8243; global_colors_info=&#8221;{}&#8221;][et_pb_column type=&#8221;4_4&#8243; _builder_version=&#8221;4.16&#8243; global_colors_info=&#8221;{}&#8221;][et_pb_text _builder_version=&#8221;4.16&#8243; header_text_color=&#8221;#cecece&#8221; header_font_size=&#8221;26px&#8221; header_2_text_color=&#8221;#cecece&#8221; background_color=&#8221;rgba(0,0,0,0)&#8221; custom_margin=&#8221;||-1px||false|false&#8221; header_2_text_shadow_style=&#8221;preset2&#8243; header_2_text_shadow_horizontal_length=&#8221;0.15em&#8221; header_2_text_shadow_vertical_length=&#8221;0.15em&#8221; global_colors_info=&#8221;{}&#8221;]<\/p>\n<h1>Mj\u00f8durtsmyger (<em>Pyrgus armoricanus<\/em>) &#8211; Oberth\u00fcr, 1910<\/h1>\n<p>[\/et_pb_text][et_pb_text _builder_version=&#8221;4.16&#8243; header_2_text_color=&#8221;#cecece&#8221; background_color=&#8221;rgba(0,0,0,0)&#8221; custom_margin=&#8221;||-1px||false|false&#8221; header_2_text_shadow_style=&#8221;preset2&#8243; header_2_text_shadow_horizontal_length=&#8221;0.15em&#8221; header_2_text_shadow_vertical_length=&#8221;0.15em&#8221; global_colors_info=&#8221;{}&#8221;]<\/p>\n<h2>Fransk Bredpande<\/h2>\n<p>[\/et_pb_text][et_pb_image src=&#8221;https:\/\/arnephotography.no\/wp-content\/uploads\/2020\/07\/denmark_waves.png&#8221; title_text=&#8221;Danmark &#8211; Denmark&#8221; _builder_version=&#8221;4.16&#8243; width=&#8221;3%&#8221; custom_margin=&#8221;|950px|-1px||false|false&#8221; global_colors_info=&#8221;{}&#8221;][\/et_pb_image][et_pb_text _builder_version=&#8221;4.16&#8243; text_text_color=&#8221;#cecece&#8221; background_color=&#8221;rgba(0,0,0,0)&#8221; global_colors_info=&#8221;{}&#8221;]<\/p>\n<p>Fotografert i Danmark<\/p>\n<p>[\/et_pb_text][et_pb_gallery gallery_ids=&#8221;5203,5204,5205,5206,5207&#8243; posts_number=&#8221;8&#8243; admin_label=&#8221;armoricanus-Danmark&#8221; _builder_version=&#8221;4.27.4&#8243; caption_font_size=&#8221;10px&#8221; hover_enabled=&#8221;0&#8243; global_colors_info=&#8221;{}&#8221; sticky_enabled=&#8221;0&#8243;][\/et_pb_gallery][\/et_pb_column][\/et_pb_row][\/et_pb_section][et_pb_section fb_built=&#8221;1&#8243; module_id=&#8221;France&#8221; _builder_version=&#8221;4.16&#8243; background_color=&#8221;#353535&#8243; global_colors_info=&#8221;{}&#8221;][et_pb_row use_custom_gutter=&#8221;on&#8221; gutter_width=&#8221;2&#8243; _builder_version=&#8221;4.16&#8243; background_color=&#8221;#333333&#8243; width=&#8221;95%&#8221; width_tablet=&#8221;95%&#8221; width_phone=&#8221;95%&#8221; width_last_edited=&#8221;on|phone&#8221; max_width=&#8221;2560px&#8221; custom_padding=&#8221;|||0px||&#8221; border_width_all=&#8221;35px&#8221; box_shadow_style=&#8221;preset2&#8243; global_colors_info=&#8221;{}&#8221;][et_pb_column type=&#8221;4_4&#8243; _builder_version=&#8221;4.16&#8243; global_colors_info=&#8221;{}&#8221;][et_pb_text _builder_version=&#8221;4.16&#8243; header_2_text_color=&#8221;#cecece&#8221; background_color=&#8221;rgba(0,0,0,0)&#8221; custom_margin=&#8221;||-1px||false|false&#8221; header_2_text_shadow_style=&#8221;preset2&#8243; header_2_text_shadow_horizontal_length=&#8221;0.15em&#8221; header_2_text_shadow_vertical_length=&#8221;0.15em&#8221; global_colors_info=&#8221;{}&#8221;]<\/p>\n<h2>L&#8217;Hesp\u00e9rie des Potentilles<\/h2>\n<p>[\/et_pb_text][et_pb_image src=&#8221;https:\/\/arnephotography.no\/wp-content\/uploads\/2020\/07\/france_waves.png&#8221; title_text=&#8221;Frankrike &#8211; France&#8221; _builder_version=&#8221;4.16&#8243; width=&#8221;3%&#8221; custom_margin=&#8221;|950px|-1px||false|false&#8221; global_colors_info=&#8221;{}&#8221;][\/et_pb_image][et_pb_text _builder_version=&#8221;4.16&#8243; text_text_color=&#8221;#cecece&#8221; background_color=&#8221;rgba(0,0,0,0)&#8221; global_colors_info=&#8221;{}&#8221;]<\/p>\n<p>Fotografert i Frankrike<\/p>\n<p>[\/et_pb_text][et_pb_gallery gallery_ids=&#8221;5193,5194,5195,5196,5197,5198,5199,5200,5201,5202&#8243; posts_number=&#8221;8&#8243; admin_label=&#8221;armoricanus-Frankrike&#8221; _builder_version=&#8221;4.27.4&#8243; caption_font_size=&#8221;10px&#8221; hover_enabled=&#8221;0&#8243; global_colors_info=&#8221;{}&#8221; sticky_enabled=&#8221;0&#8243;][\/et_pb_gallery][\/et_pb_column][\/et_pb_row][\/et_pb_section]<\/p>\n","protected":false},"excerpt":{"rendered":"<p>Oberth\u00fcr&#8217;s Grizzled Skipper \/ Zweibr\u00fctiger W\u00fcrfel-Dickkopffalter \/ L&#8217;Hesp\u00e9rie des Potentilles \/ Mj\u00f8durtsmyger \/ Backvisslare \/ Fransk Bredpande \/\u00a0RanskankirjosiipiMj\u00f8durtsmyger (Pyrgus armoricanus) &#8211; Oberth\u00fcr, 1910Fransk BredpandeFotografert i DanmarkL&#8217;Hesp\u00e9rie des PotentillesFotografert i Frankrike<\/p>\n","protected":false},"author":1,"featured_media":0,"parent":4304,"menu_order":0,"comment_status":"closed","ping_status":"closed","template":"","meta":{"_et_pb_use_builder":"on","_et_pb_old_content":"","_et_gb_content_width":"","_monsterinsights_skip_tracking":false,"_monsterinsights_sitenote_active":false,"_monsterinsights_sitenote_note":"","_monsterinsights_sitenote_category":0,"footnotes":""},"categories":[18],"tags":[],"class_list":["post-5190","page","type-page","status-publish","hentry","category-pyrginae"],"aioseo_notices":[],"_links":{"self":[{"href":"https:\/\/arnephotography.no\/index.php?rest_route=\/wp\/v2\/pages\/5190","targetHints":{"allow":["GET"]}}],"collection":[{"href":"https:\/\/arnephotography.no\/index.php?rest_route=\/wp\/v2\/pages"}],"about":[{"href":"https:\/\/arnephotography.no\/index.php?rest_route=\/wp\/v2\/types\/page"}],"author":[{"embeddable":true,"href":"https:\/\/arnephotography.no\/index.php?rest_route=\/wp\/v2\/users\/1"}],"replies":[{"embeddable":true,"href":"https:\/\/arnephotography.no\/index.php?rest_route=%2Fwp%2Fv2%2Fcomments&post=5190"}],"version-history":[{"count":4,"href":"https:\/\/arnephotography.no\/index.php?rest_route=\/wp\/v2\/pages\/5190\/revisions"}],"predecessor-version":[{"id":21750,"href":"https:\/\/arnephotography.no\/index.php?rest_route=\/wp\/v2\/pages\/5190\/revisions\/21750"}],"up":[{"embeddable":true,"href":"https:\/\/arnephotography.no\/index.php?rest_route=\/wp\/v2\/pages\/4304"}],"wp:attachment":[{"href":"https:\/\/arnephotography.no\/index.php?rest_route=%2Fwp%2Fv2%2Fmedia&parent=5190"}],"wp:term":[{"taxonomy":"category","embeddable":true,"href":"https:\/\/arnephotography.no\/index.php?rest_route=%2Fwp%2Fv2%2Fcategories&post=5190"},{"taxonomy":"post_tag","embeddable":true,"href":"https:\/\/arnephotography.no\/index.php?rest_route=%2Fwp%2Fv2%2Ftags&post=5190"}],"curies":[{"name":"wp","href":"https:\/\/api.w.org\/{rel}","templated":true}]}}