{"id":5013,"date":"2020-11-11T23:27:32","date_gmt":"2020-11-11T21:27:32","guid":{"rendered":"https:\/\/arnephotography.no\/?page_id=5013"},"modified":"2024-11-11T20:30:16","modified_gmt":"2024-11-11T18:30:16","slug":"lineola","status":"publish","type":"page","link":"https:\/\/arnephotography.no\/?page_id=5013","title":{"rendered":"lineola"},"content":{"rendered":"<p>[et_pb_section fb_built=&#8221;1&#8243; _builder_version=&#8221;4.16&#8243; background_color=&#8221;#353535&#8243; custom_margin=&#8221;0px||-75px||false|false&#8221; custom_padding=&#8221;0px||0px||false|false&#8221; global_colors_info=&#8221;{}&#8221;][et_pb_row _builder_version=&#8221;4.16&#8243; _module_preset=&#8221;default&#8221; width=&#8221;90%&#8221; max_width=&#8221;2560px&#8221; custom_margin=&#8221;-20px||-50px||false|false&#8221; global_colors_info=&#8221;{}&#8221;][et_pb_column type=&#8221;4_4&#8243; _builder_version=&#8221;4.16&#8243; _module_preset=&#8221;default&#8221; global_colors_info=&#8221;{}&#8221;][et_pb_text _builder_version=&#8221;4.16&#8243; _module_preset=&#8221;default&#8221; header_4_text_color=&#8221;#6b6b6b&#8221; header_4_font_size=&#8221;12px&#8221; header_4_text_shadow_style=&#8221;preset2&#8243; header_4_text_shadow_horizontal_length=&#8221;0.15em&#8221; header_4_text_shadow_vertical_length=&#8221;0.15em&#8221; header_4_text_shadow_color=&#8221;#000000&#8243; global_colors_info=&#8221;{}&#8221;]<\/p>\n<h4>Essex Skipper \/\u00a0Schwarzkolbiger Braundickkopffalter \/ L&#8217;Hesp\u00e9rie du Dactyle \/ Timoteismyger \/ Mindre t\u00e5telsmygare \/ Stregbredpande \/ Lauhahiipij\u00e4<\/h4>\n<p>[\/et_pb_text][\/et_pb_column][\/et_pb_row][et_pb_row column_structure=&#8221;1_5,3_5,1_5&#8243; _builder_version=&#8221;4.16&#8243; _module_preset=&#8221;default&#8221; custom_margin=&#8221;30px||-40px||false|false&#8221; global_colors_info=&#8221;{}&#8221;][et_pb_column type=&#8221;1_5&#8243; _builder_version=&#8221;4.16&#8243; _module_preset=&#8221;default&#8221; global_colors_info=&#8221;{}&#8221;][et_pb_button button_url=&#8221;@ET-DC@eyJkeW5hbWljIjp0cnVlLCJjb250ZW50IjoicG9zdF9saW5rX3VybF9wYWdlIiwic2V0dGluZ3MiOnsicG9zdF9pZCI6IjUwMDEifX0=@&#8221; button_text=&#8221;Forrige&#8221; button_alignment=&#8221;center&#8221; _builder_version=&#8221;4.16&#8243; _dynamic_attributes=&#8221;button_url&#8221; _module_preset=&#8221;default&#8221; custom_button=&#8221;on&#8221; button_text_size=&#8221;14px&#8221; button_text_color=&#8221;#8e8e8e&#8221; button_icon=&#8221;&#x38;||divi||400&#8243; button_icon_placement=&#8221;left&#8221; button_on_hover=&#8221;off&#8221; global_colors_info=&#8221;{}&#8221;][\/et_pb_button][\/et_pb_column][et_pb_column type=&#8221;3_5&#8243; _builder_version=&#8221;4.16&#8243; _module_preset=&#8221;default&#8221; global_colors_info=&#8221;{}&#8221;][et_pb_dcsbcm_divi_breadcrumbs_module hide_homebreadcrumb=&#8221;on&#8221; _builder_version=&#8221;4.16&#8243; _module_preset=&#8221;default&#8221; body_text_align=&#8221;center&#8221; body_text_color=&#8221;#ededed&#8221; fontsseparator_text_color=&#8221;#8e8e8e&#8221; fontsbreadcrumblinks_text_color=&#8221;#8e8e8e&#8221; module_alignment=&#8221;center&#8221; body_text_shadow_style=&#8221;preset2&#8243; body_text_shadow_horizontal_length=&#8221;0.15em&#8221; body_text_shadow_vertical_length=&#8221;0.15em&#8221; body_text_shadow_color=&#8221;#000000&#8243; fontsseparator_text_shadow_style=&#8221;preset2&#8243; fontsseparator_text_shadow_horizontal_length=&#8221;0.15em&#8221; fontsseparator_text_shadow_vertical_length=&#8221;0.15em&#8221; fontsseparator_text_shadow_color=&#8221;#000000&#8243; global_colors_info=&#8221;{}&#8221;][\/et_pb_dcsbcm_divi_breadcrumbs_module][\/et_pb_column][et_pb_column type=&#8221;1_5&#8243; _builder_version=&#8221;4.16&#8243; _module_preset=&#8221;default&#8221; global_colors_info=&#8221;{}&#8221;][et_pb_button button_url=&#8221;@ET-DC@eyJkeW5hbWljIjp0cnVlLCJjb250ZW50IjoicG9zdF9saW5rX3VybF9wYWdlIiwic2V0dGluZ3MiOnsicG9zdF9pZCI6IjQ5MTUifX0=@&#8221; button_text=&#8221;Neste&#8221; button_alignment=&#8221;center&#8221; _builder_version=&#8221;4.19.4&#8243; _dynamic_attributes=&#8221;button_url&#8221; _module_preset=&#8221;default&#8221; custom_button=&#8221;on&#8221; button_text_size=&#8221;14px&#8221; button_text_color=&#8221;#8e8e8e&#8221; button_icon=&#8221;&#x39;||divi||400&#8243; button_icon_color=&#8221;#8e8e8e&#8221; button_on_hover=&#8221;off&#8221; global_colors_info=&#8221;{}&#8221;][\/et_pb_button][\/et_pb_column][\/et_pb_row][et_pb_row column_structure=&#8221;1_6,1_6,1_6,1_6,1_6,1_6&#8243; _builder_version=&#8221;4.16&#8243; width=&#8221;50%&#8221; max_width=&#8221;2560px&#8221; custom_margin=&#8221;||||false|false&#8221; custom_padding=&#8221;||||false|false&#8221; global_colors_info=&#8221;{}&#8221;][et_pb_column type=&#8221;1_6&#8243; _builder_version=&#8221;4.16&#8243; global_colors_info=&#8221;{}&#8221;][et_pb_image src=&#8221;https:\/\/arnephotography.no\/wp-content\/uploads\/2020\/07\/norway_wave.png&#8221; title_text=&#8221;Norge &#8211; Norway&#8221; url=&#8221;#Norway&#8221; _builder_version=&#8221;4.16&#8243; width=&#8221;39%&#8221; global_colors_info=&#8221;{}&#8221;][\/et_pb_image][\/et_pb_column][et_pb_column type=&#8221;1_6&#8243; _builder_version=&#8221;4.16&#8243; global_colors_info=&#8221;{}&#8221;][et_pb_image src=&#8221;https:\/\/arnephotography.no\/wp-content\/uploads\/2020\/07\/sweden_wave.png&#8221; title_text=&#8221;Sverige &#8211; Sweden&#8221; url=&#8221;#Sweden&#8221; _builder_version=&#8221;4.16&#8243; width=&#8221;40%&#8221; custom_margin=&#8221;||||false|false&#8221; custom_padding=&#8221;||||false|false&#8221; global_colors_info=&#8221;{}&#8221;][\/et_pb_image][\/et_pb_column][et_pb_column type=&#8221;1_6&#8243; _builder_version=&#8221;4.16&#8243; global_colors_info=&#8221;{}&#8221;][et_pb_image src=&#8221;https:\/\/arnephotography.no\/wp-content\/uploads\/2020\/07\/denmark_waves.png&#8221; title_text=&#8221;Danmark &#8211; Denmark&#8221; url=&#8221;#Denmark&#8221; _builder_version=&#8221;4.16&#8243; width=&#8221;40%&#8221; custom_margin=&#8221;||||false|false&#8221; global_colors_info=&#8221;{}&#8221;][\/et_pb_image][\/et_pb_column][et_pb_column type=&#8221;1_6&#8243; _builder_version=&#8221;4.16&#8243; global_colors_info=&#8221;{}&#8221;][et_pb_image src=&#8221;https:\/\/arnephotography.no\/wp-content\/uploads\/2020\/07\/france_waves.png&#8221; title_text=&#8221;Frankrike &#8211; France&#8221; url=&#8221;#France&#8221; _builder_version=&#8221;4.16&#8243; width=&#8221;40%&#8221; custom_margin=&#8221;||||false|false&#8221; global_colors_info=&#8221;{}&#8221;][\/et_pb_image][\/et_pb_column][et_pb_column type=&#8221;1_6&#8243; _builder_version=&#8221;4.16&#8243; background_color=&#8221;rgba(0,0,0,0)&#8221; global_colors_info=&#8221;{}&#8221;][\/et_pb_column][et_pb_column type=&#8221;1_6&#8243; _builder_version=&#8221;4.16&#8243; background_color=&#8221;rgba(0,0,0,0)&#8221; global_colors_info=&#8221;{}&#8221;][\/et_pb_column][\/et_pb_row][\/et_pb_section][et_pb_section fb_built=&#8221;1&#8243; module_id=&#8221;Norway&#8221; _builder_version=&#8221;4.16&#8243; background_color=&#8221;#353535&#8243; saved_tabs=&#8221;all&#8221; global_colors_info=&#8221;{}&#8221;][et_pb_row use_custom_gutter=&#8221;on&#8221; gutter_width=&#8221;2&#8243; _builder_version=&#8221;4.16&#8243; background_color=&#8221;#333333&#8243; width=&#8221;95%&#8221; max_width=&#8221;2560px&#8221; custom_padding=&#8221;|||0px||&#8221; border_color_all=&#8221;#4f4f4f&#8221; border_style_all=&#8221;none&#8221; box_shadow_style=&#8221;preset2&#8243; global_colors_info=&#8221;{}&#8221;][et_pb_column type=&#8221;4_4&#8243; _builder_version=&#8221;4.16&#8243; border_width_all=&#8221;35px&#8221; global_colors_info=&#8221;{}&#8221;][et_pb_text _builder_version=&#8221;4.16&#8243; text_font=&#8221;Verdana|700|||||||&#8221; text_text_color=&#8221;#FFFFFF&#8221; text_font_size=&#8221;22px&#8221; header_text_color=&#8221;#cecece&#8221; header_font_size=&#8221;26px&#8221; background_color=&#8221;rgba(0,0,0,0)&#8221; custom_margin=&#8221;||-1px||false|false&#8221; text_text_shadow_style=&#8221;preset1&#8243; header_text_shadow_style=&#8221;preset1&#8243; header_text_shadow_horizontal_length=&#8221;0.15em&#8221; header_text_shadow_vertical_length=&#8221;0.15em&#8221; global_colors_info=&#8221;{}&#8221;]<\/p>\n<h1>Timoteismyger (<em>Thymelicus lineola<\/em>) &#8211; Ochsenheimer, 1808<\/h1>\n<p>[\/et_pb_text][et_pb_image src=&#8221;https:\/\/arnephotography.no\/wp-content\/uploads\/2020\/07\/norway_wave.png&#8221; alt=&#8221;Norway&#8221; title_text=&#8221;Norge &#8211; Norway&#8221; _builder_version=&#8221;4.16&#8243; width=&#8221;3%&#8221; custom_margin=&#8221;|2283px|-1px||false|false&#8221; global_colors_info=&#8221;{}&#8221;][\/et_pb_image][et_pb_text _builder_version=&#8221;4.16&#8243; text_text_color=&#8221;#cecece&#8221; background_color=&#8221;rgba(0,0,0,0)&#8221; global_colors_info=&#8221;{}&#8221;]<\/p>\n<p>Fotografert i Norge<\/p>\n<p>[\/et_pb_text][et_pb_gallery gallery_ids=&#8221;5016,5017,5018,5019,5020,5021,5022,5023,5024,5025,5026,5027,5028,5029,5030,8707,8708,8709,8710,8711,8712,8713,8714,8715,15168,15169,15170,15171,15172,21031,21032,21033,21034,21035,21036,21037,21038&#8243; posts_number=&#8221;8&#8243; admin_label=&#8221;lineola-Norge&#8221; _builder_version=&#8221;4.27.3&#8243; hover_enabled=&#8221;0&#8243; global_colors_info=&#8221;{}&#8221; sticky_enabled=&#8221;0&#8243;][\/et_pb_gallery][\/et_pb_column][\/et_pb_row][\/et_pb_section][et_pb_section fb_built=&#8221;1&#8243; admin_label=&#8221;Section&#8221; module_id=&#8221;Sweden&#8221; _builder_version=&#8221;4.16&#8243; background_color=&#8221;#353535&#8243; global_colors_info=&#8221;{}&#8221;][et_pb_row use_custom_gutter=&#8221;on&#8221; gutter_width=&#8221;2&#8243; _builder_version=&#8221;4.16&#8243; background_color=&#8221;#333333&#8243; width=&#8221;95%&#8221; max_width=&#8221;2560px&#8221; custom_padding=&#8221;|||0px||&#8221; border_width_all=&#8221;35px&#8221; box_shadow_style=&#8221;preset2&#8243; global_colors_info=&#8221;{}&#8221;][et_pb_column type=&#8221;4_4&#8243; _builder_version=&#8221;4.16&#8243; global_colors_info=&#8221;{}&#8221;][et_pb_text _builder_version=&#8221;4.16&#8243; header_2_text_color=&#8221;#cecece&#8221; background_color=&#8221;rgba(0,0,0,0)&#8221; custom_margin=&#8221;||-1px||false|false&#8221; header_2_text_shadow_style=&#8221;preset2&#8243; header_2_text_shadow_horizontal_length=&#8221;0.15em&#8221; header_2_text_shadow_vertical_length=&#8221;0.15em&#8221; global_colors_info=&#8221;{}&#8221;]<\/p>\n<h2>Mindre t\u00e5telsmygare<\/h2>\n<p>[\/et_pb_text][et_pb_image src=&#8221;https:\/\/arnephotography.no\/wp-content\/uploads\/2020\/07\/sweden_wave.png&#8221; title_text=&#8221;Sverige &#8211; Sweden&#8221; _builder_version=&#8221;4.16&#8243; width=&#8221;3%&#8221; custom_margin=&#8221;|2283px|-1px||false|false&#8221; global_colors_info=&#8221;{}&#8221;][\/et_pb_image][et_pb_text _builder_version=&#8221;4.16&#8243; text_text_color=&#8221;#cecece&#8221; background_color=&#8221;rgba(0,0,0,0)&#8221; global_colors_info=&#8221;{}&#8221;]<\/p>\n<p>Fotografert i Sverige<\/p>\n<p>[\/et_pb_text][et_pb_gallery gallery_ids=&#8221;5031,5032,5033,5034,5035,5036,5037,5038,5039,5040,5041,5042,5043,18733,18734&#8243; posts_number=&#8221;8&#8243; admin_label=&#8221;lineola-Sverige&#8221; _builder_version=&#8221;4.27.3&#8243; caption_font_size=&#8221;10px&#8221; hover_enabled=&#8221;0&#8243; global_colors_info=&#8221;{}&#8221; sticky_enabled=&#8221;0&#8243;][\/et_pb_gallery][\/et_pb_column][\/et_pb_row][\/et_pb_section][et_pb_section fb_built=&#8221;1&#8243; module_id=&#8221;Denmark&#8221; _builder_version=&#8221;4.16&#8243; background_color=&#8221;#353535&#8243; global_colors_info=&#8221;{}&#8221;][et_pb_row use_custom_gutter=&#8221;on&#8221; gutter_width=&#8221;2&#8243; _builder_version=&#8221;4.16&#8243; background_color=&#8221;#333333&#8243; width=&#8221;95%&#8221; max_width=&#8221;2560px&#8221; custom_padding=&#8221;|||0px||&#8221; border_width_all=&#8221;35px&#8221; box_shadow_style=&#8221;preset2&#8243; global_colors_info=&#8221;{}&#8221;][et_pb_column type=&#8221;4_4&#8243; _builder_version=&#8221;4.16&#8243; global_colors_info=&#8221;{}&#8221;][et_pb_text _builder_version=&#8221;4.16&#8243; header_2_text_color=&#8221;#cecece&#8221; background_color=&#8221;rgba(0,0,0,0)&#8221; custom_margin=&#8221;||-1px||false|false&#8221; header_2_text_shadow_style=&#8221;preset2&#8243; header_2_text_shadow_horizontal_length=&#8221;0.15em&#8221; header_2_text_shadow_vertical_length=&#8221;0.15em&#8221; global_colors_info=&#8221;{}&#8221;]<\/p>\n<h2>Stregbredpande<\/h2>\n<p>[\/et_pb_text][et_pb_image src=&#8221;https:\/\/arnephotography.no\/wp-content\/uploads\/2020\/07\/denmark_waves.png&#8221; title_text=&#8221;Danmark &#8211; Denmark&#8221; _builder_version=&#8221;4.16&#8243; width=&#8221;3%&#8221; custom_margin=&#8221;|2283px|-1px||false|false&#8221; global_colors_info=&#8221;{}&#8221;][\/et_pb_image][et_pb_text _builder_version=&#8221;4.16&#8243; text_text_color=&#8221;#cecece&#8221; background_color=&#8221;rgba(0,0,0,0)&#8221; global_colors_info=&#8221;{}&#8221;]<\/p>\n<p>Fotografert i Danmark<\/p>\n<p>[\/et_pb_text][et_pb_gallery gallery_ids=&#8221;5044,5045,15173&#8243; posts_number=&#8221;8&#8243; admin_label=&#8221;lineola-Danmark&#8221; _builder_version=&#8221;4.27.3&#8243; caption_font_size=&#8221;10px&#8221; hover_enabled=&#8221;0&#8243; global_colors_info=&#8221;{}&#8221; sticky_enabled=&#8221;0&#8243;][\/et_pb_gallery][\/et_pb_column][\/et_pb_row][\/et_pb_section][et_pb_section fb_built=&#8221;1&#8243; module_id=&#8221;France&#8221; _builder_version=&#8221;4.16&#8243; background_color=&#8221;#353535&#8243; global_colors_info=&#8221;{}&#8221;][et_pb_row use_custom_gutter=&#8221;on&#8221; gutter_width=&#8221;2&#8243; _builder_version=&#8221;4.16&#8243; background_color=&#8221;#333333&#8243; width=&#8221;95%&#8221; max_width=&#8221;2560px&#8221; custom_padding=&#8221;|||0px||&#8221; border_width_all=&#8221;35px&#8221; box_shadow_style=&#8221;preset2&#8243; global_colors_info=&#8221;{}&#8221;][et_pb_column type=&#8221;4_4&#8243; _builder_version=&#8221;4.16&#8243; global_colors_info=&#8221;{}&#8221;][et_pb_text _builder_version=&#8221;4.16&#8243; header_2_text_color=&#8221;#cecece&#8221; background_color=&#8221;rgba(0,0,0,0)&#8221; custom_margin=&#8221;||-1px||false|false&#8221; header_2_text_shadow_style=&#8221;preset2&#8243; header_2_text_shadow_horizontal_length=&#8221;0.15em&#8221; header_2_text_shadow_vertical_length=&#8221;0.15em&#8221; global_colors_info=&#8221;{}&#8221;]<\/p>\n<h2>L&#8217;Hesp\u00e9rie du Dactyle<\/h2>\n<p>[\/et_pb_text][et_pb_image src=&#8221;https:\/\/arnephotography.no\/wp-content\/uploads\/2020\/07\/france_waves.png&#8221; title_text=&#8221;Frankrike &#8211; France&#8221; _builder_version=&#8221;4.16&#8243; width=&#8221;3%&#8221; custom_margin=&#8221;|2283px|-1px||false|false&#8221; global_colors_info=&#8221;{}&#8221;][\/et_pb_image][et_pb_text _builder_version=&#8221;4.16&#8243; text_text_color=&#8221;#cecece&#8221; background_color=&#8221;rgba(0,0,0,0)&#8221; global_colors_info=&#8221;{}&#8221;]<\/p>\n<p>Fotografert i Frankrike<\/p>\n<p>[\/et_pb_text][et_pb_gallery gallery_ids=&#8221;5046,5047,5048,5049,5050,5051&#8243; posts_number=&#8221;8&#8243; admin_label=&#8221;lineola-Frankrike&#8221; _builder_version=&#8221;4.27.3&#8243; caption_font_size=&#8221;10px&#8221; hover_enabled=&#8221;0&#8243; global_colors_info=&#8221;{}&#8221; sticky_enabled=&#8221;0&#8243;][\/et_pb_gallery][\/et_pb_column][\/et_pb_row][\/et_pb_section]<\/p>\n","protected":false},"excerpt":{"rendered":"<p>Essex Skipper \/\u00a0Schwarzkolbiger Braundickkopffalter \/ L&#8217;Hesp\u00e9rie du Dactyle \/ Timoteismyger \/ Mindre t\u00e5telsmygare \/ Stregbredpande \/ Lauhahiipij\u00e4Timoteismyger (Thymelicus lineola) &#8211; Ochsenheimer, 1808Fotografert i NorgeMindre t\u00e5telsmygareFotografert i SverigeStregbredpandeFotografert i DanmarkL&#8217;Hesp\u00e9rie du DactyleFotografert i Frankrike<\/p>\n","protected":false},"author":1,"featured_media":0,"parent":4318,"menu_order":0,"comment_status":"closed","ping_status":"closed","template":"","meta":{"_et_pb_use_builder":"on","_et_pb_old_content":"","_et_gb_content_width":"","_monsterinsights_skip_tracking":false,"_monsterinsights_sitenote_active":false,"_monsterinsights_sitenote_note":"","_monsterinsights_sitenote_category":0,"footnotes":""},"categories":[20],"tags":[],"class_list":["post-5013","page","type-page","status-publish","hentry","category-hesperiinae"],"aioseo_notices":[],"_links":{"self":[{"href":"https:\/\/arnephotography.no\/index.php?rest_route=\/wp\/v2\/pages\/5013","targetHints":{"allow":["GET"]}}],"collection":[{"href":"https:\/\/arnephotography.no\/index.php?rest_route=\/wp\/v2\/pages"}],"about":[{"href":"https:\/\/arnephotography.no\/index.php?rest_route=\/wp\/v2\/types\/page"}],"author":[{"embeddable":true,"href":"https:\/\/arnephotography.no\/index.php?rest_route=\/wp\/v2\/users\/1"}],"replies":[{"embeddable":true,"href":"https:\/\/arnephotography.no\/index.php?rest_route=%2Fwp%2Fv2%2Fcomments&post=5013"}],"version-history":[{"count":9,"href":"https:\/\/arnephotography.no\/index.php?rest_route=\/wp\/v2\/pages\/5013\/revisions"}],"predecessor-version":[{"id":21682,"href":"https:\/\/arnephotography.no\/index.php?rest_route=\/wp\/v2\/pages\/5013\/revisions\/21682"}],"up":[{"embeddable":true,"href":"https:\/\/arnephotography.no\/index.php?rest_route=\/wp\/v2\/pages\/4318"}],"wp:attachment":[{"href":"https:\/\/arnephotography.no\/index.php?rest_route=%2Fwp%2Fv2%2Fmedia&parent=5013"}],"wp:term":[{"taxonomy":"category","embeddable":true,"href":"https:\/\/arnephotography.no\/index.php?rest_route=%2Fwp%2Fv2%2Fcategories&post=5013"},{"taxonomy":"post_tag","embeddable":true,"href":"https:\/\/arnephotography.no\/index.php?rest_route=%2Fwp%2Fv2%2Ftags&post=5013"}],"curies":[{"name":"wp","href":"https:\/\/api.w.org\/{rel}","templated":true}]}}