{"id":393,"date":"2020-07-07T21:09:28","date_gmt":"2020-07-07T19:09:28","guid":{"rendered":"https:\/\/arnephotography.no\/?page_id=393"},"modified":"2025-08-30T21:57:09","modified_gmt":"2025-08-30T19:57:09","slug":"stor_purpurkape","status":"publish","type":"page","link":"https:\/\/arnephotography.no\/?page_id=393","title":{"rendered":"iris"},"content":{"rendered":"<p>[et_pb_section fb_built=&#8221;1&#8243; _builder_version=&#8221;4.16&#8243; background_color=&#8221;#353535&#8243; custom_margin=&#8221;0px||-75px||false|false&#8221; custom_padding=&#8221;0px||0px||false|false&#8221; global_colors_info=&#8221;{}&#8221;][et_pb_row _builder_version=&#8221;4.16&#8243; _module_preset=&#8221;default&#8221; width=&#8221;90%&#8221; max_width=&#8221;2560px&#8221; custom_margin=&#8221;-20px||-50px||false|false&#8221; global_colors_info=&#8221;{}&#8221;][et_pb_column type=&#8221;4_4&#8243; _builder_version=&#8221;4.16&#8243; _module_preset=&#8221;default&#8221; global_colors_info=&#8221;{}&#8221;][et_pb_text _builder_version=&#8221;4.16&#8243; _module_preset=&#8221;default&#8221; header_4_text_color=&#8221;#6b6b6b&#8221; header_4_font_size=&#8221;12px&#8221; header_4_text_shadow_style=&#8221;preset2&#8243; header_4_text_shadow_horizontal_length=&#8221;0.15em&#8221; header_4_text_shadow_vertical_length=&#8221;0.15em&#8221; header_4_text_shadow_color=&#8221;#000000&#8243; global_colors_info=&#8221;{}&#8221;]<\/p>\n<h4>Purple Emperor \/ Gro\u00dfer Schillerfalter \/ Le Grand Mars Changeant \/ Stor purpurk\u00e5pe \/ S\u00e4lgskimmerfj\u00e4ril \/ Iris \/ H\u00e4iveperhonen<\/h4>\n<p>[\/et_pb_text][\/et_pb_column][\/et_pb_row][et_pb_row column_structure=&#8221;1_5,3_5,1_5&#8243; _builder_version=&#8221;4.16&#8243; _module_preset=&#8221;default&#8221; custom_margin=&#8221;30px||-40px||false|false&#8221; global_colors_info=&#8221;{}&#8221;][et_pb_column type=&#8221;1_5&#8243; _builder_version=&#8221;4.16&#8243; _module_preset=&#8221;default&#8221; global_colors_info=&#8221;{}&#8221;][et_pb_button button_url=&#8221;@ET-DC@eyJkeW5hbWljIjp0cnVlLCJjb250ZW50IjoicG9zdF9saW5rX3VybF9wYWdlIiwic2V0dGluZ3MiOnsicG9zdF9pZCI6IjQwNyJ9fQ==@&#8221; button_text=&#8221;Forrige&#8221; button_alignment=&#8221;center&#8221; _builder_version=&#8221;4.16&#8243; _dynamic_attributes=&#8221;button_url&#8221; _module_preset=&#8221;default&#8221; custom_button=&#8221;on&#8221; button_text_size=&#8221;14px&#8221; button_text_color=&#8221;#8e8e8e&#8221; button_icon=&#8221;&#x38;||divi||400&#8243; button_icon_placement=&#8221;left&#8221; button_on_hover=&#8221;off&#8221; global_colors_info=&#8221;{}&#8221;][\/et_pb_button][\/et_pb_column][et_pb_column type=&#8221;3_5&#8243; _builder_version=&#8221;4.16&#8243; _module_preset=&#8221;default&#8221; global_colors_info=&#8221;{}&#8221;][et_pb_dcsbcm_divi_breadcrumbs_module hide_homebreadcrumb=&#8221;on&#8221; _builder_version=&#8221;4.16&#8243; _module_preset=&#8221;default&#8221; body_text_align=&#8221;center&#8221; body_text_color=&#8221;#ededed&#8221; fontsseparator_text_color=&#8221;#8e8e8e&#8221; fontsbreadcrumblinks_text_color=&#8221;#8e8e8e&#8221; module_alignment=&#8221;center&#8221; body_text_shadow_style=&#8221;preset2&#8243; body_text_shadow_horizontal_length=&#8221;0.15em&#8221; body_text_shadow_vertical_length=&#8221;0.15em&#8221; body_text_shadow_color=&#8221;#000000&#8243; fontsseparator_text_shadow_style=&#8221;preset2&#8243; fontsseparator_text_shadow_horizontal_length=&#8221;0.15em&#8221; fontsseparator_text_shadow_vertical_length=&#8221;0.15em&#8221; fontsseparator_text_shadow_color=&#8221;#000000&#8243; global_colors_info=&#8221;{}&#8221;][\/et_pb_dcsbcm_divi_breadcrumbs_module][\/et_pb_column][et_pb_column type=&#8221;1_5&#8243; _builder_version=&#8221;4.16&#8243; _module_preset=&#8221;default&#8221; global_colors_info=&#8221;{}&#8221;][et_pb_button button_url=&#8221;@ET-DC@eyJkeW5hbWljIjp0cnVlLCJjb250ZW50IjoicG9zdF9saW5rX3VybF9wYWdlIiwic2V0dGluZ3MiOnsicG9zdF9pZCI6IjEyNDkifX0=@&#8221; button_text=&#8221;Neste&#8221; button_alignment=&#8221;center&#8221; _builder_version=&#8221;4.16&#8243; _dynamic_attributes=&#8221;button_url&#8221; _module_preset=&#8221;default&#8221; custom_button=&#8221;on&#8221; button_text_size=&#8221;14px&#8221; button_text_color=&#8221;#8e8e8e&#8221; button_icon=&#8221;&#x39;||divi||400&#8243; button_icon_color=&#8221;#8e8e8e&#8221; button_on_hover=&#8221;off&#8221; global_colors_info=&#8221;{}&#8221;][\/et_pb_button][\/et_pb_column][\/et_pb_row][et_pb_row column_structure=&#8221;1_6,1_6,1_6,1_6,1_6,1_6&#8243; _builder_version=&#8221;4.16&#8243; width=&#8221;50%&#8221; max_width=&#8221;2560px&#8221; custom_margin=&#8221;||||false|false&#8221; custom_padding=&#8221;||||false|false&#8221; global_colors_info=&#8221;{}&#8221;][et_pb_column type=&#8221;1_6&#8243; _builder_version=&#8221;4.16&#8243; global_colors_info=&#8221;{}&#8221;][et_pb_image src=&#8221;https:\/\/arnephotography.no\/wp-content\/uploads\/2020\/07\/norway_wave.png&#8221; title_text=&#8221;Norge &#8211; Norway&#8221; url=&#8221;#Norway&#8221; admin_label=&#8221;Image&#8221; _builder_version=&#8221;4.18.0&#8243; width=&#8221;40%&#8221; custom_margin=&#8221;||||false|false&#8221; custom_padding=&#8221;||||false|false&#8221; global_colors_info=&#8221;{}&#8221;][\/et_pb_image][\/et_pb_column][et_pb_column type=&#8221;1_6&#8243; _builder_version=&#8221;4.16&#8243; global_colors_info=&#8221;{}&#8221;][et_pb_image src=&#8221;https:\/\/arnephotography.no\/wp-content\/uploads\/2020\/07\/sweden_wave.png&#8221; title_text=&#8221;Sverige &#8211; Sweden&#8221; url=&#8221;#Sweden&#8221; _builder_version=&#8221;4.16&#8243; width=&#8221;40%&#8221; custom_margin=&#8221;||||false|false&#8221; custom_padding=&#8221;||||false|false&#8221; global_colors_info=&#8221;{}&#8221;][\/et_pb_image][\/et_pb_column][et_pb_column type=&#8221;1_6&#8243; _builder_version=&#8221;4.16&#8243; global_colors_info=&#8221;{}&#8221;][et_pb_image src=&#8221;https:\/\/arnephotography.no\/wp-content\/uploads\/2020\/07\/denmark_waves.png&#8221; title_text=&#8221;Danmark &#8211; Denmark&#8221; url=&#8221;#Denmark&#8221; _builder_version=&#8221;4.16&#8243; width=&#8221;40%&#8221; custom_margin=&#8221;||||false|false&#8221; global_colors_info=&#8221;{}&#8221;][\/et_pb_image][\/et_pb_column][et_pb_column type=&#8221;1_6&#8243; _builder_version=&#8221;4.16&#8243; global_colors_info=&#8221;{}&#8221;][\/et_pb_column][et_pb_column type=&#8221;1_6&#8243; _builder_version=&#8221;4.16&#8243; background_color=&#8221;rgba(0,0,0,0)&#8221; global_colors_info=&#8221;{}&#8221;][\/et_pb_column][et_pb_column type=&#8221;1_6&#8243; _builder_version=&#8221;4.16&#8243; background_color=&#8221;rgba(0,0,0,0)&#8221; global_colors_info=&#8221;{}&#8221;][\/et_pb_column][\/et_pb_row][\/et_pb_section][et_pb_section fb_built=&#8221;1&#8243; module_id=&#8221;Norway&#8221; _builder_version=&#8221;4.18.0&#8243; background_color=&#8221;#353535&#8243; global_colors_info=&#8221;{}&#8221;][et_pb_row use_custom_gutter=&#8221;on&#8221; gutter_width=&#8221;2&#8243; _builder_version=&#8221;4.16&#8243; background_color=&#8221;#333333&#8243; width=&#8221;95%&#8221; max_width=&#8221;2560px&#8221; custom_padding=&#8221;|||0px||&#8221; border_width_all=&#8221;35px&#8221; box_shadow_style=&#8221;preset2&#8243; global_colors_info=&#8221;{}&#8221;][et_pb_column type=&#8221;4_4&#8243; _builder_version=&#8221;4.16&#8243; global_colors_info=&#8221;{}&#8221;][et_pb_text _builder_version=&#8221;4.16&#8243; header_text_color=&#8221;#cecece&#8221; header_font_size=&#8221;26px&#8221; header_2_text_color=&#8221;#cecece&#8221; background_color=&#8221;rgba(0,0,0,0)&#8221; custom_margin=&#8221;||-1px||false|false&#8221; header_2_text_shadow_style=&#8221;preset2&#8243; header_2_text_shadow_horizontal_length=&#8221;0.15em&#8221; header_2_text_shadow_vertical_length=&#8221;0.15em&#8221; global_colors_info=&#8221;{}&#8221;]<\/p>\n<h1>Stor purpurk\u00e5pe (<em>Apatura iris<\/em>) &#8211; Linnaeus, 1758<\/h1>\n<p>[\/et_pb_text][et_pb_image src=&#8221;https:\/\/arnephotography.no\/wp-content\/uploads\/2020\/07\/norway_wave.png&#8221; title_text=&#8221;Norge &#8211; Norway&#8221; _builder_version=&#8221;4.18.0&#8243; width=&#8221;3%&#8221; custom_margin=&#8221;|2283px|-1px||false|false&#8221; global_colors_info=&#8221;{}&#8221;][\/et_pb_image][et_pb_text _builder_version=&#8221;4.18.0&#8243; text_text_color=&#8221;#cecece&#8221; background_color=&#8221;rgba(0,0,0,0)&#8221; global_colors_info=&#8221;{}&#8221;]<\/p>\n<p>Fotografert i Norge<\/p>\n<p>[\/et_pb_text][et_pb_gallery gallery_ids=&#8221;14718,14719,14720,14721,14722,14723,14724,14725,14726,14727,14728,14729,14730,14731,14732,14733,14734,14735,14736,14737,14738,14739,14740,14741,14742,14743,14744,14745,21043,21044,21045,21046,21047,21048,21049,21050,21051,21052,21053,21054,21055,21056,21057,23187,23188,23189,23190,23191,23192,23193,23194,23195&#8243; posts_number=&#8221;8&#8243; admin_label=&#8221;iris-Norge&#8221; _builder_version=&#8221;4.27.4&#8243; caption_font_size=&#8221;10px&#8221; hover_enabled=&#8221;0&#8243; global_colors_info=&#8221;{}&#8221; sticky_enabled=&#8221;0&#8243;][\/et_pb_gallery][\/et_pb_column][\/et_pb_row][\/et_pb_section][et_pb_section fb_built=&#8221;1&#8243; module_id=&#8221;Sweden&#8221; _builder_version=&#8221;4.16&#8243; background_color=&#8221;#353535&#8243; global_colors_info=&#8221;{}&#8221;][et_pb_row use_custom_gutter=&#8221;on&#8221; gutter_width=&#8221;2&#8243; _builder_version=&#8221;4.16&#8243; background_color=&#8221;#333333&#8243; width=&#8221;95%&#8221; max_width=&#8221;2560px&#8221; custom_padding=&#8221;|||0px||&#8221; border_width_all=&#8221;35px&#8221; box_shadow_style=&#8221;preset2&#8243; global_colors_info=&#8221;{}&#8221;][et_pb_column type=&#8221;4_4&#8243; _builder_version=&#8221;4.16&#8243; global_colors_info=&#8221;{}&#8221;][et_pb_text _builder_version=&#8221;4.16&#8243; header_2_text_color=&#8221;#cecece&#8221; background_color=&#8221;rgba(0,0,0,0)&#8221; custom_margin=&#8221;||-1px||false|false&#8221; header_2_text_shadow_style=&#8221;preset2&#8243; header_2_text_shadow_horizontal_length=&#8221;0.15em&#8221; header_2_text_shadow_vertical_length=&#8221;0.15em&#8221; global_colors_info=&#8221;{}&#8221;]<\/p>\n<h2>S\u00e4lgskimmerfj\u00e4ril<\/h2>\n<p>[\/et_pb_text][et_pb_image src=&#8221;https:\/\/arnephotography.no\/wp-content\/uploads\/2020\/07\/sweden_wave.png&#8221; title_text=&#8221;Sverige &#8211; Sweden&#8221; _builder_version=&#8221;4.16&#8243; width=&#8221;3%&#8221; custom_margin=&#8221;|2283px|-1px||false|false&#8221; global_colors_info=&#8221;{}&#8221;][\/et_pb_image][et_pb_text _builder_version=&#8221;4.16&#8243; text_text_color=&#8221;#cecece&#8221; background_color=&#8221;rgba(0,0,0,0)&#8221; global_colors_info=&#8221;{}&#8221;]<\/p>\n<p>Fotografert i Sverige<\/p>\n<p>[\/et_pb_text][et_pb_gallery gallery_ids=&#8221;405,14746,14747,14748,14749,14750,14751,14752,14753,14754,14755,14756,14757,18009,18010,18011,18012,18013,18014,18015,18016,18017,18018,18019,18020,18021,18022,18023,18024,18025,21058,21059,21060,21061&#8243; posts_number=&#8221;8&#8243; admin_label=&#8221;iris-Sverige&#8221; _builder_version=&#8221;4.27.3&#8243; caption_font_size=&#8221;10px&#8221; global_colors_info=&#8221;{}&#8221;][\/et_pb_gallery][\/et_pb_column][\/et_pb_row][\/et_pb_section][et_pb_section fb_built=&#8221;1&#8243; module_id=&#8221;Denmark&#8221; _builder_version=&#8221;4.16&#8243; background_color=&#8221;#353535&#8243; link_option_url=&#8221;Denmark&#8221; global_colors_info=&#8221;{}&#8221;][et_pb_row use_custom_gutter=&#8221;on&#8221; gutter_width=&#8221;2&#8243; _builder_version=&#8221;4.16&#8243; background_color=&#8221;#333333&#8243; width=&#8221;95%&#8221; max_width=&#8221;2560px&#8221; custom_padding=&#8221;|||0px||&#8221; border_width_all=&#8221;35px&#8221; box_shadow_style=&#8221;preset2&#8243; global_colors_info=&#8221;{}&#8221;][et_pb_column type=&#8221;4_4&#8243; _builder_version=&#8221;4.16&#8243; global_colors_info=&#8221;{}&#8221;][et_pb_text _builder_version=&#8221;4.16&#8243; header_2_text_color=&#8221;#cecece&#8221; background_color=&#8221;rgba(0,0,0,0)&#8221; custom_margin=&#8221;||-1px||false|false&#8221; header_2_text_shadow_style=&#8221;preset2&#8243; header_2_text_shadow_horizontal_length=&#8221;0.15em&#8221; header_2_text_shadow_vertical_length=&#8221;0.15em&#8221; global_colors_info=&#8221;{}&#8221;]<\/p>\n<h2>Iris<\/h2>\n<p>[\/et_pb_text][et_pb_image src=&#8221;https:\/\/arnephotography.no\/wp-content\/uploads\/2020\/07\/denmark_waves.png&#8221; title_text=&#8221;Danmark &#8211; Denmark&#8221; _builder_version=&#8221;4.16&#8243; width=&#8221;3%&#8221; custom_margin=&#8221;|2283px|-1px||false|false&#8221; global_colors_info=&#8221;{}&#8221;][\/et_pb_image][et_pb_text _builder_version=&#8221;4.16&#8243; text_text_color=&#8221;#cecece&#8221; background_color=&#8221;rgba(0,0,0,0)&#8221; global_colors_info=&#8221;{}&#8221;]<\/p>\n<p>Fotografert i Danmark<\/p>\n<p>[\/et_pb_text][et_pb_text _builder_version=&#8221;4.27.4&#8243; text_text_color=&#8221;#cecece&#8221; background_color=&#8221;rgba(0,0,0,0)&#8221; text_orientation=&#8221;center&#8221; text_text_shadow_style=&#8221;preset2&#8243; text_text_shadow_horizontal_length=&#8221;0.25em&#8221; text_text_shadow_vertical_length=&#8221;0.25em&#8221; text_text_shadow_blur_strength=&#8221;0.25em&#8221; text_text_shadow_color=&#8221;#000000&#8243; global_colors_info=&#8221;{}&#8221;]<\/p>\n<p><strong>Imago<\/strong><\/p>\n<p>[\/et_pb_text][et_pb_gallery gallery_ids=&#8221;396,397,398,399,400,401,402,403,404,14758,14759,14760,14761,14762,14763,14764,14765,14766,14767,18026,18027,18028,18029,18030,18031,18032,18033,18034,18035,18036,18037,18038,18039,18040,18041,18042,18043,18044,18045,18046&#8243; admin_label=&#8221;iris-Danmark&#8221; _builder_version=&#8221;4.27.4&#8243; caption_font_size=&#8221;10px&#8221; global_colors_info=&#8221;{}&#8221;][\/et_pb_gallery][et_pb_text _builder_version=&#8221;4.27.4&#8243; text_text_color=&#8221;#cecece&#8221; background_color=&#8221;rgba(0,0,0,0)&#8221; text_orientation=&#8221;center&#8221; text_text_shadow_style=&#8221;preset2&#8243; text_text_shadow_horizontal_length=&#8221;0.25em&#8221; text_text_shadow_vertical_length=&#8221;0.25em&#8221; text_text_shadow_blur_strength=&#8221;0.25em&#8221; text_text_shadow_color=&#8221;#000000&#8243; global_colors_info=&#8221;{}&#8221;]<\/p>\n<p><strong>Ovum<\/strong><\/p>\n<p>[\/et_pb_text][et_pb_gallery gallery_ids=&#8221;21999&#8243; admin_label=&#8221;iris-Danmark&#8221; _builder_version=&#8221;4.27.4&#8243; caption_font_size=&#8221;10px&#8221; global_colors_info=&#8221;{}&#8221;][\/et_pb_gallery][\/et_pb_column][\/et_pb_row][\/et_pb_section]<\/p>\n","protected":false},"excerpt":{"rendered":"<p>Purple Emperor \/ Gro\u00dfer Schillerfalter \/ Le Grand Mars Changeant \/ Stor purpurk\u00e5pe \/ S\u00e4lgskimmerfj\u00e4ril \/ Iris \/ H\u00e4iveperhonenStor purpurk\u00e5pe (Apatura iris) &#8211; Linnaeus, 1758Fotografert i NorgeS\u00e4lgskimmerfj\u00e4rilFotografert i SverigeIrisFotografert i DanmarkImagoOvum<\/p>\n","protected":false},"author":1,"featured_media":0,"parent":424,"menu_order":0,"comment_status":"closed","ping_status":"closed","template":"","meta":{"_et_pb_use_builder":"on","_et_pb_old_content":"","_et_gb_content_width":"","_monsterinsights_skip_tracking":false,"_monsterinsights_sitenote_active":false,"_monsterinsights_sitenote_note":"","_monsterinsights_sitenote_category":0,"footnotes":""},"categories":[32],"tags":[],"class_list":["post-393","page","type-page","status-publish","hentry","category-apaturinae"],"aioseo_notices":[],"_links":{"self":[{"href":"https:\/\/arnephotography.no\/index.php?rest_route=\/wp\/v2\/pages\/393","targetHints":{"allow":["GET"]}}],"collection":[{"href":"https:\/\/arnephotography.no\/index.php?rest_route=\/wp\/v2\/pages"}],"about":[{"href":"https:\/\/arnephotography.no\/index.php?rest_route=\/wp\/v2\/types\/page"}],"author":[{"embeddable":true,"href":"https:\/\/arnephotography.no\/index.php?rest_route=\/wp\/v2\/users\/1"}],"replies":[{"embeddable":true,"href":"https:\/\/arnephotography.no\/index.php?rest_route=%2Fwp%2Fv2%2Fcomments&post=393"}],"version-history":[{"count":27,"href":"https:\/\/arnephotography.no\/index.php?rest_route=\/wp\/v2\/pages\/393\/revisions"}],"predecessor-version":[{"id":23196,"href":"https:\/\/arnephotography.no\/index.php?rest_route=\/wp\/v2\/pages\/393\/revisions\/23196"}],"up":[{"embeddable":true,"href":"https:\/\/arnephotography.no\/index.php?rest_route=\/wp\/v2\/pages\/424"}],"wp:attachment":[{"href":"https:\/\/arnephotography.no\/index.php?rest_route=%2Fwp%2Fv2%2Fmedia&parent=393"}],"wp:term":[{"taxonomy":"category","embeddable":true,"href":"https:\/\/arnephotography.no\/index.php?rest_route=%2Fwp%2Fv2%2Fcategories&post=393"},{"taxonomy":"post_tag","embeddable":true,"href":"https:\/\/arnephotography.no\/index.php?rest_route=%2Fwp%2Fv2%2Ftags&post=393"}],"curies":[{"name":"wp","href":"https:\/\/api.w.org\/{rel}","templated":true}]}}