{"id":1644,"date":"2020-08-17T17:58:24","date_gmt":"2020-08-17T15:58:24","guid":{"rendered":"https:\/\/arnephotography.no\/?page_id=1644"},"modified":"2025-08-31T00:40:18","modified_gmt":"2025-08-30T22:40:18","slug":"idas","status":"publish","type":"page","link":"https:\/\/arnephotography.no\/?page_id=1644","title":{"rendered":"idas"},"content":{"rendered":"<p>[et_pb_section fb_built=&#8221;1&#8243; _builder_version=&#8221;4.16&#8243; background_color=&#8221;#353535&#8243; custom_margin=&#8221;0px||-75px||false|false&#8221; custom_padding=&#8221;0px||0px||false|false&#8221; global_colors_info=&#8221;{}&#8221;][et_pb_row _builder_version=&#8221;4.16&#8243; _module_preset=&#8221;default&#8221; width=&#8221;90%&#8221; max_width=&#8221;2560px&#8221; custom_margin=&#8221;-20px||-50px||false|false&#8221; global_colors_info=&#8221;{}&#8221;][et_pb_column type=&#8221;4_4&#8243; _builder_version=&#8221;4.16&#8243; _module_preset=&#8221;default&#8221; global_colors_info=&#8221;{}&#8221;][et_pb_text _builder_version=&#8221;4.16&#8243; _module_preset=&#8221;default&#8221; header_4_text_color=&#8221;#6b6b6b&#8221; header_4_font_size=&#8221;12px&#8221; hover_enabled=&#8221;0&#8243; header_4_text_shadow_style=&#8221;preset2&#8243; header_4_text_shadow_horizontal_length=&#8221;0.15em&#8221; header_4_text_shadow_vertical_length=&#8221;0.15em&#8221; header_4_text_shadow_color=&#8221;#000000&#8243; global_colors_info=&#8221;{}&#8221; sticky_enabled=&#8221;0&#8243;]<\/p>\n<h4>Idas Blue \/ Idas-Bl\u00e4uling \/ L&#8217;Azur\u00e9 du Gen\u00eat \/ Idasbl\u00e5vinge \/ Hedbl\u00e5vinge \/ Foranderlig Bl\u00e5fugl \/ Ketosinisiipi<\/h4>\n<p>[\/et_pb_text][\/et_pb_column][\/et_pb_row][et_pb_row column_structure=&#8221;1_5,3_5,1_5&#8243; _builder_version=&#8221;4.16&#8243; _module_preset=&#8221;default&#8221; custom_margin=&#8221;30px||-40px||false|false&#8221; global_colors_info=&#8221;{}&#8221;][et_pb_column type=&#8221;1_5&#8243; _builder_version=&#8221;4.16&#8243; _module_preset=&#8221;default&#8221; global_colors_info=&#8221;{}&#8221;][et_pb_button button_url=&#8221;@ET-DC@eyJkeW5hbWljIjp0cnVlLCJjb250ZW50IjoicG9zdF9saW5rX3VybF9wYWdlIiwic2V0dGluZ3MiOnsicG9zdF9pZCI6IjE0NjcifX0=@&#8221; button_text=&#8221;Forrige&#8221; button_alignment=&#8221;center&#8221; _builder_version=&#8221;4.19.4&#8243; _dynamic_attributes=&#8221;button_url&#8221; _module_preset=&#8221;default&#8221; custom_button=&#8221;on&#8221; button_text_size=&#8221;14px&#8221; button_text_color=&#8221;#8e8e8e&#8221; button_icon=&#8221;&#x38;||divi||400&#8243; button_icon_placement=&#8221;left&#8221; button_on_hover=&#8221;off&#8221; global_colors_info=&#8221;{}&#8221;][\/et_pb_button][\/et_pb_column][et_pb_column type=&#8221;3_5&#8243; _builder_version=&#8221;4.16&#8243; _module_preset=&#8221;default&#8221; global_colors_info=&#8221;{}&#8221;][et_pb_dcsbcm_divi_breadcrumbs_module hide_homebreadcrumb=&#8221;on&#8221; _builder_version=&#8221;4.16&#8243; _module_preset=&#8221;default&#8221; body_text_align=&#8221;center&#8221; body_text_color=&#8221;#ededed&#8221; fontsseparator_text_color=&#8221;#8e8e8e&#8221; fontsbreadcrumblinks_text_color=&#8221;#8e8e8e&#8221; module_alignment=&#8221;center&#8221; body_text_shadow_style=&#8221;preset2&#8243; body_text_shadow_horizontal_length=&#8221;0.15em&#8221; body_text_shadow_vertical_length=&#8221;0.15em&#8221; body_text_shadow_color=&#8221;#000000&#8243; fontsseparator_text_shadow_style=&#8221;preset2&#8243; fontsseparator_text_shadow_horizontal_length=&#8221;0.15em&#8221; fontsseparator_text_shadow_vertical_length=&#8221;0.15em&#8221; fontsseparator_text_shadow_color=&#8221;#000000&#8243; global_colors_info=&#8221;{}&#8221;][\/et_pb_dcsbcm_divi_breadcrumbs_module][\/et_pb_column][et_pb_column type=&#8221;1_5&#8243; _builder_version=&#8221;4.16&#8243; _module_preset=&#8221;default&#8221; global_colors_info=&#8221;{}&#8221;][et_pb_button button_url=&#8221;@ET-DC@eyJkeW5hbWljIjp0cnVlLCJjb250ZW50IjoicG9zdF9saW5rX3VybF9wYWdlIiwic2V0dGluZ3MiOnsicG9zdF9pZCI6IjE3ODQifX0=@&#8221; button_text=&#8221;Neste&#8221; button_alignment=&#8221;center&#8221; _builder_version=&#8221;4.19.4&#8243; _dynamic_attributes=&#8221;button_url&#8221; _module_preset=&#8221;default&#8221; custom_button=&#8221;on&#8221; button_text_size=&#8221;14px&#8221; button_text_color=&#8221;#8e8e8e&#8221; button_icon=&#8221;&#x39;||divi||400&#8243; button_icon_color=&#8221;#8e8e8e&#8221; button_on_hover=&#8221;off&#8221; global_colors_info=&#8221;{}&#8221;][\/et_pb_button][\/et_pb_column][\/et_pb_row][et_pb_row column_structure=&#8221;1_6,1_6,1_6,1_6,1_6,1_6&#8243; _builder_version=&#8221;4.16&#8243; width=&#8221;50%&#8221; max_width=&#8221;2560px&#8221; custom_margin=&#8221;||||false|false&#8221; custom_padding=&#8221;||||false|false&#8221; hover_enabled=&#8221;0&#8243; global_colors_info=&#8221;{}&#8221; sticky_enabled=&#8221;0&#8243;][et_pb_column type=&#8221;1_6&#8243; _builder_version=&#8221;4.16&#8243; global_colors_info=&#8221;{}&#8221;][et_pb_image src=&#8221;https:\/\/arnephotography.no\/wp-content\/uploads\/2020\/07\/norway_wave.png&#8221; title_text=&#8221;Norge &#8211; Norway&#8221; url=&#8221;#Norway&#8221; _builder_version=&#8221;4.16&#8243; width=&#8221;39%&#8221; global_colors_info=&#8221;{}&#8221;][\/et_pb_image][\/et_pb_column][et_pb_column type=&#8221;1_6&#8243; _builder_version=&#8221;4.16&#8243; global_colors_info=&#8221;{}&#8221;][et_pb_image src=&#8221;https:\/\/arnephotography.no\/wp-content\/uploads\/2020\/07\/sweden_wave.png&#8221; title_text=&#8221;Sverige &#8211; Sweden&#8221; url=&#8221;#Sweden&#8221; _builder_version=&#8221;4.16&#8243; width=&#8221;40%&#8221; custom_margin=&#8221;||||false|false&#8221; custom_padding=&#8221;||||false|false&#8221; hover_enabled=&#8221;0&#8243; global_colors_info=&#8221;{}&#8221; sticky_enabled=&#8221;0&#8243;][\/et_pb_image][\/et_pb_column][et_pb_column type=&#8221;1_6&#8243; _builder_version=&#8221;4.16&#8243; global_colors_info=&#8221;{}&#8221;][\/et_pb_column][et_pb_column type=&#8221;1_6&#8243; _builder_version=&#8221;4.16&#8243; global_colors_info=&#8221;{}&#8221;][et_pb_image src=&#8221;https:\/\/arnephotography.no\/wp-content\/uploads\/2025\/08\/finland_waves.png&#8221; title_text=&#8221;Finland &#8211; Finland&#8221; url=&#8221;#Finland&#8221; _builder_version=&#8221;4.27.4&#8243; width=&#8221;40%&#8221; custom_margin=&#8221;||||false|false&#8221; custom_padding=&#8221;||||false|false&#8221; hover_enabled=&#8221;0&#8243; global_colors_info=&#8221;{}&#8221; sticky_enabled=&#8221;0&#8243;][\/et_pb_image][\/et_pb_column][et_pb_column type=&#8221;1_6&#8243; _builder_version=&#8221;4.16&#8243; background_color=&#8221;rgba(0,0,0,0)&#8221; global_colors_info=&#8221;{}&#8221;][\/et_pb_column][et_pb_column type=&#8221;1_6&#8243; _builder_version=&#8221;4.16&#8243; background_color=&#8221;rgba(0,0,0,0)&#8221; global_colors_info=&#8221;{}&#8221;][et_pb_image src=&#8221;https:\/\/arnephotography.no\/wp-content\/uploads\/2020\/07\/france_waves.png&#8221; title_text=&#8221;Frankrike &#8211; France&#8221; url=&#8221;#France&#8221; _builder_version=&#8221;4.21.0&#8243; width=&#8221;40%&#8221; custom_margin=&#8221;|||-200px|false|false&#8221; hover_enabled=&#8221;0&#8243; global_colors_info=&#8221;{}&#8221; sticky_enabled=&#8221;0&#8243;][\/et_pb_image][\/et_pb_column][\/et_pb_row][\/et_pb_section][et_pb_section fb_built=&#8221;1&#8243; module_id=&#8221;Norway&#8221; _builder_version=&#8221;4.16&#8243; background_color=&#8221;#353535&#8243; saved_tabs=&#8221;all&#8221; global_colors_info=&#8221;{}&#8221;][et_pb_row use_custom_gutter=&#8221;on&#8221; gutter_width=&#8221;2&#8243; _builder_version=&#8221;4.16&#8243; background_color=&#8221;#333333&#8243; width=&#8221;95%&#8221; max_width=&#8221;2560px&#8221; custom_padding=&#8221;|||0px||&#8221; border_color_all=&#8221;#4f4f4f&#8221; border_style_all=&#8221;none&#8221; box_shadow_style=&#8221;preset2&#8243; global_colors_info=&#8221;{}&#8221;][et_pb_column type=&#8221;4_4&#8243; _builder_version=&#8221;4.16&#8243; border_width_all=&#8221;35px&#8221; global_colors_info=&#8221;{}&#8221;][et_pb_text _builder_version=&#8221;4.16&#8243; text_font=&#8221;Verdana|700|||||||&#8221; text_text_color=&#8221;#FFFFFF&#8221; text_font_size=&#8221;22px&#8221; header_text_color=&#8221;#cecece&#8221; header_font_size=&#8221;26px&#8221; background_color=&#8221;rgba(0,0,0,0)&#8221; custom_margin=&#8221;||-1px||false|false&#8221; text_text_shadow_style=&#8221;preset1&#8243; header_text_shadow_style=&#8221;preset1&#8243; header_text_shadow_horizontal_length=&#8221;0.15em&#8221; header_text_shadow_vertical_length=&#8221;0.15em&#8221; global_colors_info=&#8221;{}&#8221;]<\/p>\n<h1>Idasbl\u00e5vinge (<em>Plebejus idas<\/em>) &#8211; Linnaeus, 1761<\/h1>\n<p>[\/et_pb_text][et_pb_image src=&#8221;https:\/\/arnephotography.no\/wp-content\/uploads\/2020\/07\/norway_wave.png&#8221; alt=&#8221;Norway&#8221; title_text=&#8221;Norge &#8211; Norway&#8221; _builder_version=&#8221;4.16&#8243; width=&#8221;3%&#8221; custom_margin=&#8221;|2283px|-1px||false|false&#8221; global_colors_info=&#8221;{}&#8221;][\/et_pb_image][et_pb_text _builder_version=&#8221;4.16&#8243; text_text_color=&#8221;#cecece&#8221; background_color=&#8221;rgba(0,0,0,0)&#8221; global_colors_info=&#8221;{}&#8221;]<\/p>\n<p>Fotografert i Norge<\/p>\n<p>[\/et_pb_text][et_pb_gallery gallery_ids=&#8221;1647,1648,1649,1650,1651,1652,1653,1654,1655,1656,1657,1658,1659,1660,1661,1662,1663,1664,1665,1666,1667,1668,1669,1670,8293,8294,8295,8296,8297,8298,8299,8300,8301,8302,8303,8304,8305,8306,15090,15091,15092,15093,15094,18531,18532,18533,18534,18535,18536,18537,23348,23349,23350,23351&#8243; posts_number=&#8221;8&#8243; admin_label=&#8221;idas-Norge&#8221; _builder_version=&#8221;4.27.4&#8243; hover_enabled=&#8221;0&#8243; global_colors_info=&#8221;{}&#8221; sticky_enabled=&#8221;0&#8243;][\/et_pb_gallery][\/et_pb_column][\/et_pb_row][\/et_pb_section][et_pb_section fb_built=&#8221;1&#8243; admin_label=&#8221;Section&#8221; module_id=&#8221;Sweden&#8221; _builder_version=&#8221;4.16&#8243; background_color=&#8221;#353535&#8243; global_colors_info=&#8221;{}&#8221;][et_pb_row use_custom_gutter=&#8221;on&#8221; gutter_width=&#8221;2&#8243; _builder_version=&#8221;4.16&#8243; background_color=&#8221;#333333&#8243; width=&#8221;95%&#8221; max_width=&#8221;2560px&#8221; custom_padding=&#8221;|||0px||&#8221; border_width_all=&#8221;35px&#8221; box_shadow_style=&#8221;preset2&#8243; global_colors_info=&#8221;{}&#8221;][et_pb_column type=&#8221;4_4&#8243; _builder_version=&#8221;4.16&#8243; global_colors_info=&#8221;{}&#8221;][et_pb_text _builder_version=&#8221;4.16&#8243; header_2_text_color=&#8221;#cecece&#8221; background_color=&#8221;rgba(0,0,0,0)&#8221; custom_margin=&#8221;||-1px||false|false&#8221; header_2_text_shadow_style=&#8221;preset2&#8243; header_2_text_shadow_horizontal_length=&#8221;0.15em&#8221; header_2_text_shadow_vertical_length=&#8221;0.15em&#8221; global_colors_info=&#8221;{}&#8221;]<\/p>\n<h2>Hedbl\u00e5vinge<\/h2>\n<p>[\/et_pb_text][et_pb_image src=&#8221;https:\/\/arnephotography.no\/wp-content\/uploads\/2020\/07\/sweden_wave.png&#8221; title_text=&#8221;Sverige &#8211; Sweden&#8221; _builder_version=&#8221;4.16&#8243; width=&#8221;3%&#8221; custom_margin=&#8221;|2283px|-1px||false|false&#8221; global_colors_info=&#8221;{}&#8221;][\/et_pb_image][et_pb_text _builder_version=&#8221;4.16&#8243; text_text_color=&#8221;#cecece&#8221; background_color=&#8221;rgba(0,0,0,0)&#8221; global_colors_info=&#8221;{}&#8221;]<\/p>\n<p>Fotografert i Sverige<\/p>\n<p>[\/et_pb_text][et_pb_gallery gallery_ids=&#8221;1671,1672,1673,1674,1675,1676,1677,1678,1679,1680,1681,1682,1683,1684,1685,1686,1687,15096&#8243; posts_number=&#8221;8&#8243; admin_label=&#8221;idas-Sverige&#8221; _builder_version=&#8221;4.27.4&#8243; caption_font_size=&#8221;10px&#8221; global_colors_info=&#8221;{}&#8221;][\/et_pb_gallery][\/et_pb_column][\/et_pb_row][\/et_pb_section][et_pb_section fb_built=&#8221;1&#8243; module_id=&#8221;Finland&#8221; _builder_version=&#8221;4.27.4&#8243; background_color=&#8221;#353535&#8243; hover_enabled=&#8221;0&#8243; global_colors_info=&#8221;{}&#8221; sticky_enabled=&#8221;0&#8243;][et_pb_row use_custom_gutter=&#8221;on&#8221; gutter_width=&#8221;2&#8243; _builder_version=&#8221;4.16&#8243; background_color=&#8221;#333333&#8243; width=&#8221;95%&#8221; max_width=&#8221;2560px&#8221; custom_padding=&#8221;|||0px||&#8221; border_width_all=&#8221;35px&#8221; box_shadow_style=&#8221;preset2&#8243; global_colors_info=&#8221;{}&#8221;][et_pb_column type=&#8221;4_4&#8243; _builder_version=&#8221;4.16&#8243; global_colors_info=&#8221;{}&#8221;][et_pb_text _builder_version=&#8221;4.27.4&#8243; header_2_text_color=&#8221;#cecece&#8221; background_color=&#8221;rgba(0,0,0,0)&#8221; custom_margin=&#8221;||-1px||false|false&#8221; hover_enabled=&#8221;0&#8243; header_2_text_shadow_style=&#8221;preset2&#8243; header_2_text_shadow_horizontal_length=&#8221;0.15em&#8221; header_2_text_shadow_vertical_length=&#8221;0.15em&#8221; global_colors_info=&#8221;{}&#8221; sticky_enabled=&#8221;0&#8243;]<\/p>\n<h2>Ketosinisiipi<\/h2>\n<p>[\/et_pb_text][et_pb_image src=&#8221;https:\/\/arnephotography.no\/wp-content\/uploads\/2025\/08\/finland_waves.png&#8221; title_text=&#8221;Finland &#8211; Finland&#8221; _builder_version=&#8221;4.27.4&#8243; width=&#8221;3%&#8221; custom_margin=&#8221;|2283px|-1px||false|false&#8221; hover_enabled=&#8221;0&#8243; global_colors_info=&#8221;{}&#8221; sticky_enabled=&#8221;0&#8243;][\/et_pb_image][et_pb_text _builder_version=&#8221;4.27.4&#8243; text_text_color=&#8221;#cecece&#8221; background_color=&#8221;rgba(0,0,0,0)&#8221; hover_enabled=&#8221;0&#8243; global_colors_info=&#8221;{}&#8221; sticky_enabled=&#8221;0&#8243;]<\/p>\n<p>Fotografert i Finland<\/p>\n<p>[\/et_pb_text][et_pb_gallery gallery_ids=&#8221;23352,23353,23354,23355,23356&#8243; posts_number=&#8221;8&#8243; admin_label=&#8221;idas-Finland&#8221; _builder_version=&#8221;4.27.4&#8243; caption_font_size=&#8221;10px&#8221; hover_enabled=&#8221;0&#8243; global_colors_info=&#8221;{}&#8221; sticky_enabled=&#8221;0&#8243;][\/et_pb_gallery][\/et_pb_column][\/et_pb_row][\/et_pb_section][et_pb_section fb_built=&#8221;1&#8243; module_id=&#8221;France&#8221; _builder_version=&#8221;4.16&#8243; background_color=&#8221;#353535&#8243; global_colors_info=&#8221;{}&#8221;][et_pb_row use_custom_gutter=&#8221;on&#8221; gutter_width=&#8221;2&#8243; _builder_version=&#8221;4.16&#8243; background_color=&#8221;#333333&#8243; width=&#8221;95%&#8221; max_width=&#8221;2560px&#8221; custom_padding=&#8221;|||0px||&#8221; border_width_all=&#8221;35px&#8221; box_shadow_style=&#8221;preset2&#8243; global_colors_info=&#8221;{}&#8221;][et_pb_column type=&#8221;4_4&#8243; _builder_version=&#8221;4.16&#8243; global_colors_info=&#8221;{}&#8221;][et_pb_text _builder_version=&#8221;4.16&#8243; header_2_text_color=&#8221;#cecece&#8221; background_color=&#8221;rgba(0,0,0,0)&#8221; custom_margin=&#8221;||-1px||false|false&#8221; header_2_text_shadow_style=&#8221;preset2&#8243; header_2_text_shadow_horizontal_length=&#8221;0.15em&#8221; header_2_text_shadow_vertical_length=&#8221;0.15em&#8221; global_colors_info=&#8221;{}&#8221;]<\/p>\n<h2>L&#8217;Azur\u00e9 du Gen\u00eat<\/h2>\n<p>[\/et_pb_text][et_pb_image src=&#8221;https:\/\/arnephotography.no\/wp-content\/uploads\/2020\/07\/france_waves.png&#8221; title_text=&#8221;Frankrike &#8211; France&#8221; _builder_version=&#8221;4.16&#8243; width=&#8221;3%&#8221; custom_margin=&#8221;|2283px|-1px||false|false&#8221; global_colors_info=&#8221;{}&#8221;][\/et_pb_image][et_pb_text _builder_version=&#8221;4.16&#8243; text_text_color=&#8221;#cecece&#8221; background_color=&#8221;rgba(0,0,0,0)&#8221; global_colors_info=&#8221;{}&#8221;]<\/p>\n<p>Fotografert i Frankrike<\/p>\n<p>[\/et_pb_text][et_pb_gallery gallery_ids=&#8221;1688,1689,1690&#8243; posts_number=&#8221;8&#8243; admin_label=&#8221;idas-Frankrike&#8221; _builder_version=&#8221;4.27.4&#8243; caption_font_size=&#8221;10px&#8221; global_colors_info=&#8221;{}&#8221;][\/et_pb_gallery][\/et_pb_column][\/et_pb_row][\/et_pb_section]<\/p>\n","protected":false},"excerpt":{"rendered":"<p>Idas Blue \/ Idas-Bl\u00e4uling \/ L&#8217;Azur\u00e9 du Gen\u00eat \/ Idasbl\u00e5vinge \/ Hedbl\u00e5vinge \/ Foranderlig Bl\u00e5fugl \/ KetosinisiipiIdasbl\u00e5vinge (Plebejus idas) &#8211; Linnaeus, 1761Fotografert i NorgeHedbl\u00e5vingeFotografert i SverigeKetosinisiipiFotografert i FinlandL&#8217;Azur\u00e9 du Gen\u00eatFotografert i Frankrike<\/p>\n","protected":false},"author":1,"featured_media":0,"parent":2137,"menu_order":0,"comment_status":"closed","ping_status":"closed","template":"","meta":{"_et_pb_use_builder":"on","_et_pb_old_content":"","_et_gb_content_width":"","_monsterinsights_skip_tracking":false,"_monsterinsights_sitenote_active":false,"_monsterinsights_sitenote_note":"","_monsterinsights_sitenote_category":0,"footnotes":""},"categories":[15],"tags":[],"class_list":["post-1644","page","type-page","status-publish","hentry","category-tribus-polyommatini"],"aioseo_notices":[],"_links":{"self":[{"href":"https:\/\/arnephotography.no\/index.php?rest_route=\/wp\/v2\/pages\/1644","targetHints":{"allow":["GET"]}}],"collection":[{"href":"https:\/\/arnephotography.no\/index.php?rest_route=\/wp\/v2\/pages"}],"about":[{"href":"https:\/\/arnephotography.no\/index.php?rest_route=\/wp\/v2\/types\/page"}],"author":[{"embeddable":true,"href":"https:\/\/arnephotography.no\/index.php?rest_route=\/wp\/v2\/users\/1"}],"replies":[{"embeddable":true,"href":"https:\/\/arnephotography.no\/index.php?rest_route=%2Fwp%2Fv2%2Fcomments&post=1644"}],"version-history":[{"count":14,"href":"https:\/\/arnephotography.no\/index.php?rest_route=\/wp\/v2\/pages\/1644\/revisions"}],"predecessor-version":[{"id":23357,"href":"https:\/\/arnephotography.no\/index.php?rest_route=\/wp\/v2\/pages\/1644\/revisions\/23357"}],"up":[{"embeddable":true,"href":"https:\/\/arnephotography.no\/index.php?rest_route=\/wp\/v2\/pages\/2137"}],"wp:attachment":[{"href":"https:\/\/arnephotography.no\/index.php?rest_route=%2Fwp%2Fv2%2Fmedia&parent=1644"}],"wp:term":[{"taxonomy":"category","embeddable":true,"href":"https:\/\/arnephotography.no\/index.php?rest_route=%2Fwp%2Fv2%2Fcategories&post=1644"},{"taxonomy":"post_tag","embeddable":true,"href":"https:\/\/arnephotography.no\/index.php?rest_route=%2Fwp%2Fv2%2Ftags&post=1644"}],"curies":[{"name":"wp","href":"https:\/\/api.w.org\/{rel}","templated":true}]}}